{"id":21,"date":"2013-03-15T12:36:27","date_gmt":"2013-03-15T12:36:27","guid":{"rendered":"http:\/\/lawyers-attorneys.vamtam.com\/?page_id=4"},"modified":"2021-03-23T19:13:05","modified_gmt":"2021-03-23T19:13:05","slug":"home","status":"publish","type":"page","link":"https:\/\/prawnikdlapolicjanta.pl\/","title":{"rendered":"Strona g\u0142\u00f3wna"},"content":{"rendered":"<div class=\"row \"><div class=\"wpv-grid grid-1-1 move-into-slider add-border wpv-first-level first has-background unextended\" style=\"background-color:#ffffff;padding-top:20px;padding-bottom:20px\" id=\"intro\" ><style>#intro p,#intro em,#intro .column-title,#intro .sep-text h2.regular-title-wrapper,#intro .text-divider-double,#intro .sep-text .sep-text-line,#intro .sep,#intro .sep-2,#intro .sep-3,#intro td,#intro th,#intro caption{color:#808080;}#intro:before{background-color:transparent;}<\/style><div class=\"row \"><div class=\"wpv-grid grid-1-2  first unextended animation-from-bottom animated-active\" style=\"padding-top:0px;padding-bottom:0px\" id=\"wpv-column-705e3a8f138569335897129186c88bc9\" ><div class=\"row \"><div class=\"wpv-grid grid-1-1  first unextended\" style=\"padding-top:0px;padding-bottom:0px\" id=\"wpv-column-808a877d9b56994063cf520282f7356d\" ><div class=\"wpv-progress number\" data-number=\"536\" style=\"color:#4A4F55\"><span>0<\/span><\/div><\/div><\/div>\n<div class=\"row \"><div class=\"wpv-grid grid-1-1  first unextended\" style=\"padding-top:0px;padding-bottom:0px\" id=\"wpv-column-4592dc90a99766552c74ac12994a3ba6\" ><h4 style=\"text-align: center;\"><strong>SPRAW PROWADZONYCH ROCZNIE<\/strong><\/h4>\n<h4 style=\"text-align: center;\"><strong>\u00a0<\/strong><\/h4>\n<h5 style=\"text-align: center;\"><span class=\"accent-1\">\u00a0<\/span><\/h5><\/div><\/div><\/div>\n<div class=\"wpv-grid grid-1-2  unextended left-border animation-from-bottom animated-active\" style=\"padding-top:0px;padding-bottom:0px\" id=\"wpv-column-26679157e0a552dea56bd7f8d75045b1\" ><style>#wpv-column-26679157e0a552dea56bd7f8d75045b1:before{background-color:#d8d8d8;}<\/style><div class=\"row \"><div class=\"wpv-grid grid-1-1  first unextended\" style=\"padding-top:0px;padding-bottom:0px\" id=\"wpv-column-9445c08ba7e981d8e620cfce90fdc2af\" ><div class=\"wpv-progress number\" data-number=\"95\" style=\"color:#4A4F55\"><span>0<\/span>%<\/div><\/div><\/div>\n<div class=\"row \"><div class=\"wpv-grid grid-1-1  first unextended\" style=\"padding-top:0px;padding-bottom:0px\" id=\"wpv-column-91e1852679153bfa21e3f6a4cd29c5eb\" ><h4 style=\"text-align: center;\"><strong><span class=\"accent-1\">ROSZCZE\u0143 ZAS\u0104DZONYCH NA RZECZ FUNKCJONARIUSZY<\/span><\/strong><\/h4><\/div><\/div><\/div><\/div><\/div><\/div>\n<div class=\"push\" style='height:50px'><\/div>\n<div class=\"row \"><div class=\"wpv-grid grid-1-4  wpv-first-level first unextended animation-from-bottom animated-active\" style=\"padding-top:0px;padding-bottom:0px\" id=\"wpv-column-805cf569e7a5642a9d92b966c31340a7\" ><div class=\"row \"><div class=\"wpv-grid grid-1-1  first unextended\" style=\"padding-top:0px;padding-bottom:0px\" id=\"wpv-column-f15ff87f12edafdffcda95de723da2fd\" ><div class=\"services clearfix fullimage no-image has-icon has-button \" style=\"text-align:left;\">\r\n\t<div class=\"services-inside\">\r\n\t\t\t\t\t\t\t\t\t<div class=\"thumbnail\">\r\n\t\t\t\t\t\t\t\t\t\t\t<a href=\"\/?page_id=7956\" title=\"SPRAWY WYKROCZENIOWE\" class=\"\">\r\n\t\t\t\t\t\t\t\t\t\t\t\t\t\t\t\t\t\t<span class='icon shortcode   use-hover' style='font-size:62px !important;color:#303030;'>&#57505;<\/span>\t\t\t\t\t\t\t\t\t\t\t\t\t\t\t\t\t<\/a>\r\n\t\t\t\t\t\t\t\t\t<\/div>\r\n\t\t\t\t\t\t\t\t\t<div class=\"sep-2\"><\/div>\r\n\t\t\t\t\t\t\t\t\t\t\t\t\t\t<h4 class=\"services-title\">\r\n\t\t\t\t\t\t\t\t\t<a href=\"\/?page_id=7956\" title=\"SPRAWY WYKROCZENIOWE\">SPRAWY WYKROCZENIOWE<\/a>\r\n\t\t\t\t\t\t\t<\/h4>\r\n\t\t\t\t\t\t\t<div class=\"services-content\">\n<p class=\"p1\"><span class=\"s1\">\u00a0<\/span><\/p>\n<p class=\"p1\"><\/div>\r\n\t\t\t\t\t\t\t<div class=\"services-button-wrap\">\r\n\t\t\t\t<a href=\"\/?page_id=7956\"><span class=\"btext\">Wi\u0119cej \u2192<\/span><\/a>\r\n\t\t\t<\/div>\r\n\t\t\t<\/div>\r\n<\/div>\r\n<\/div><\/div><\/div>\n<div class=\"wpv-grid grid-1-4  wpv-first-level unextended animation-from-bottom animated-active\" style=\"padding-top:0px;padding-bottom:0px\" id=\"wpv-column-465e62130f585d4358c39a46f96ce596\" ><div class=\"row \"><div class=\"wpv-grid grid-1-1  first unextended\" style=\"padding-top:0px;padding-bottom:0px\" id=\"wpv-column-7db337cc69125fe6850f0d71e64b504b\" ><div class=\"services clearfix fullimage no-image has-icon has-button \" style=\"text-align:left;\">\r\n\t<div class=\"services-inside\">\r\n\t\t\t\t\t\t\t\t\t<div class=\"thumbnail\">\r\n\t\t\t\t\t\t\t\t\t\t\t<a href=\"\/?page_id=7956\" title=\"POST\u0118POWANIE KARNE\" class=\"\">\r\n\t\t\t\t\t\t\t\t\t\t\t\t\t\t\t\t\t\t<span class='icon shortcode   use-hover' style='font-size:62px !important;color:#303030;'>&#57419;<\/span>\t\t\t\t\t\t\t\t\t\t\t\t\t\t\t\t\t<\/a>\r\n\t\t\t\t\t\t\t\t\t<\/div>\r\n\t\t\t\t\t\t\t\t\t<div class=\"sep-2\"><\/div>\r\n\t\t\t\t\t\t\t\t\t\t\t\t\t\t<h4 class=\"services-title\">\r\n\t\t\t\t\t\t\t\t\t<a href=\"\/?page_id=7956\" title=\"POST\u0118POWANIE KARNE\">POST\u0118POWANIE KARNE<\/a>\r\n\t\t\t\t\t\t\t<\/h4>\r\n\t\t\t\t\t\t\t<div class=\"services-content\">\n<p class=\"p1\"><span class=\"s1\">W post\u0119powaniu karnym funkcjonariusz policji mo\u017ce si\u0119 znale\u017a\u0107 praktycznie w ka\u017cdej roli z wyj\u0105tkiem s\u0119dziego i oskar\u017cyciela.<\/span><\/p>\n<p class=\"p1\"><\/div>\r\n\t\t\t\t\t\t\t<div class=\"services-button-wrap\">\r\n\t\t\t\t<a href=\"\/?page_id=7956\"><span class=\"btext\">Wi\u0119cej \u2192<\/span><\/a>\r\n\t\t\t<\/div>\r\n\t\t\t<\/div>\r\n<\/div>\r\n<\/div><\/div><\/div>\n<div class=\"wpv-grid grid-1-4  wpv-first-level unextended animation-from-bottom animated-active\" style=\"padding-top:0px;padding-bottom:0px\" id=\"wpv-column-7fe980ad35161d50f0b885204aa83639\" ><div class=\"row \"><div class=\"wpv-grid grid-1-1  first unextended\" style=\"padding-top:0px;padding-bottom:0px\" id=\"wpv-column-6c04e83b81ca20a4b21534832cb4a76a\" ><div class=\"services clearfix fullimage no-image has-icon has-button \" style=\"text-align:left;\">\r\n\t<div class=\"services-inside\">\r\n\t\t\t\t\t\t\t\t\t<div class=\"thumbnail\">\r\n\t\t\t\t\t\t\t\t\t\t\t<a href=\"\/?page_id=7956\" title=\"POST\u0118POWANIE DYSCYPLINARNE\" class=\"\">\r\n\t\t\t\t\t\t\t\t\t\t\t\t\t\t\t\t\t\t<span class='icon shortcode   use-hover' style='font-size:62px !important;color:#303030;'>&#57417;<\/span>\t\t\t\t\t\t\t\t\t\t\t\t\t\t\t\t\t<\/a>\r\n\t\t\t\t\t\t\t\t\t<\/div>\r\n\t\t\t\t\t\t\t\t\t<div class=\"sep-2\"><\/div>\r\n\t\t\t\t\t\t\t\t\t\t\t\t\t\t<h4 class=\"services-title\">\r\n\t\t\t\t\t\t\t\t\t<a href=\"\/?page_id=7956\" title=\"POST\u0118POWANIE DYSCYPLINARNE\">POST\u0118POWANIE DYSCYPLINARNE<\/a>\r\n\t\t\t\t\t\t\t<\/h4>\r\n\t\t\t\t\t\t\t<div class=\"services-content\">\n<p class=\"p1\"><span class=\"s1\">Funkcjonariusz policji nie jest w pracy. Funkcjonariusz policji jest na s\u0142u\u017cbie, a przed jej podj\u0119ciem sk\u0142ada \u015blubowanie wypowiadaj\u0105c s\u0142owa pi\u0119knej roty.<\/span><\/p>\n<p class=\"p1\"><\/div>\r\n\t\t\t\t\t\t\t<div class=\"services-button-wrap\">\r\n\t\t\t\t<a href=\"\/?page_id=7956\"><span class=\"btext\">Wi\u0119cej \u2192<\/span><\/a>\r\n\t\t\t<\/div>\r\n\t\t\t<\/div>\r\n<\/div>\r\n<\/div><\/div><\/div>\n<div class=\"wpv-grid grid-1-4  wpv-first-level unextended animation-from-bottom animated-active\" style=\"padding-top:0px;padding-bottom:0px\" id=\"wpv-column-710fb361426461b8f21706348620fae3\" ><div class=\"row \"><div class=\"wpv-grid grid-1-1  first unextended\" style=\"padding-top:0px;padding-bottom:0px\" id=\"wpv-column-349d3d45d6085b23953720de0d844716\" ><div class=\"services clearfix fullimage no-image has-icon has-button \" style=\"text-align:left;\">\r\n\t<div class=\"services-inside\">\r\n\t\t\t\t\t\t\t\t\t<div class=\"thumbnail\">\r\n\t\t\t\t\t\t\t\t\t\t\t<a href=\"\/?page_id=7956\" title=\"POST\u0118POWANIA O ZADO\u015a\u0106UCZYNIENIA\" class=\"\">\r\n\t\t\t\t\t\t\t\t\t\t\t\t\t\t\t\t\t\t<span class='icon shortcode   use-hover' style='font-size:62px !important;color:#303030;'>&#57750;<\/span>\t\t\t\t\t\t\t\t\t\t\t\t\t\t\t\t\t<\/a>\r\n\t\t\t\t\t\t\t\t\t<\/div>\r\n\t\t\t\t\t\t\t\t\t<div class=\"sep-2\"><\/div>\r\n\t\t\t\t\t\t\t\t\t\t\t\t\t\t<h4 class=\"services-title\">\r\n\t\t\t\t\t\t\t\t\t<a href=\"\/?page_id=7956\" title=\"POST\u0118POWANIA O ZADO\u015a\u0106UCZYNIENIA\">POST\u0118POWANIA O ZADO\u015a\u0106UCZYNIENIA<\/a>\r\n\t\t\t\t\t\t\t<\/h4>\r\n\t\t\t\t\t\t\t<div class=\"services-content\">\n<p class=\"p1\"><span class=\"s1\">Zaw\u00f3d policjanta to nie tylko wielka odpowiedzialno\u015b\u0107. To tak\u017ce ryzyko. Ryzyko uszkodzenia cia\u0142a w trakcie interwencji.\u00a0<\/span><\/p>\n<p class=\"p1\"><\/div>\r\n\t\t\t\t\t\t\t<div class=\"services-button-wrap\">\r\n\t\t\t\t<a href=\"\/?page_id=7956\"><span class=\"btext\">Wi\u0119cej \u2192<\/span><\/a>\r\n\t\t\t<\/div>\r\n\t\t\t<\/div>\r\n<\/div>\r\n<\/div><\/div><\/div><\/div>\n<div class=\"push\" style='height:50px'><\/div>\n","protected":false},"excerpt":{"rendered":"<p>SPRAW PROWADZONYCH ROCZNIE \u00a0 \u00a0 ROSZCZE\u0143 ZAS\u0104DZONYCH NA RZECZ FUNKCJONARIUSZY<\/p>\n","protected":false},"author":1,"featured_media":0,"parent":0,"menu_order":0,"comment_status":"closed","ping_status":"closed","template":"","meta":{"footnotes":""},"class_list":["post-21","page","type-page","status-publish","hentry"],"_links":{"self":[{"href":"https:\/\/prawnikdlapolicjanta.pl\/index.php?rest_route=\/wp\/v2\/pages\/21","targetHints":{"allow":["GET"]}}],"collection":[{"href":"https:\/\/prawnikdlapolicjanta.pl\/index.php?rest_route=\/wp\/v2\/pages"}],"about":[{"href":"https:\/\/prawnikdlapolicjanta.pl\/index.php?rest_route=\/wp\/v2\/types\/page"}],"author":[{"embeddable":true,"href":"https:\/\/prawnikdlapolicjanta.pl\/index.php?rest_route=\/wp\/v2\/users\/1"}],"replies":[{"embeddable":true,"href":"https:\/\/prawnikdlapolicjanta.pl\/index.php?rest_route=%2Fwp%2Fv2%2Fcomments&post=21"}],"version-history":[{"count":33,"href":"https:\/\/prawnikdlapolicjanta.pl\/index.php?rest_route=\/wp\/v2\/pages\/21\/revisions"}],"predecessor-version":[{"id":987893,"href":"https:\/\/prawnikdlapolicjanta.pl\/index.php?rest_route=\/wp\/v2\/pages\/21\/revisions\/987893"}],"wp:attachment":[{"href":"https:\/\/prawnikdlapolicjanta.pl\/index.php?rest_route=%2Fwp%2Fv2%2Fmedia&parent=21"}],"curies":[{"name":"wp","href":"https:\/\/api.w.org\/{rel}","templated":true}]}}