{"id":7778,"date":"2014-04-23T10:38:38","date_gmt":"2014-04-23T10:38:38","guid":{"rendered":"http:\/\/lawyers-attorneys.vamtam.com\/?page_id=7778"},"modified":"2021-03-22T11:58:05","modified_gmt":"2021-03-22T11:58:05","slug":"about","status":"publish","type":"page","link":"https:\/\/prawnikdlapolicjanta.pl\/?page_id=7778","title":{"rendered":"O nas"},"content":{"rendered":"<div class=\"row \"><div class=\"wpv-grid grid-1-1  wpv-first-level first unextended\" style=\"padding-top:0px;padding-bottom:0px\" id=\"about-content\" ><div class=\"row \"><div class=\"wpv-grid grid-1-1  first unextended\" style=\"padding-top:0px;padding-bottom:0px\" id=\"wpv-column-696be901d906af448669b9c6c57e3d54\" ><div class=\"push\" ><\/div><img loading=\"lazy\" decoding=\"async\" class=\"aligncenter size-full wp-image-9469\" src=\"http:\/\/lawyers-attorneys.vamtam.com\/wp-content\/uploads\/2014\/09\/photo-5.png\" alt=\"photo-5\" width=\"243\" height=\"131\" \/><\/p>\n<div class=\"push\" style='height:70px'><\/div><\/div><\/div>\n<div class=\"row \"><div class=\"wpv-grid grid-1-1  first unextended animation-from-bottom animated-active\" style=\"padding-top:0px;padding-bottom:0px\" id=\"wpv-column-2941b94098a3aa9ab09e5bdccf2d742b\" ><span class='dropcap1 '>K<\/span>ancelaria Adwokat\u00f3w i Radc\u00f3w Prawnych \u201e Pro Iustitia\u201d Szczygie\u0142 i Wsp\u00f3lnicy S.C.\u00a0 dzia\u0142a nieprzerwanie od 2004 r. i powsta\u0142a dzi\u0119ki inicjatywie os\u00f3b, kt\u00f3rych wsp\u00f3lna pasja oraz bogate i r\u00f3\u017cnorodne do\u015bwiadczenia zawodowe pozwoli\u0142y zebra\u0107 grup\u0119 radc\u00f3w prawnych, adwokat\u00f3w, aplikant\u00f3w oraz prawnik\u00f3w. Stworzony przez nas zesp\u00f3\u0142 sk\u0142ada si\u0119 z ludzi ambitnych i kreatywnych. Wyr\u00f3\u017cnia nas profesjonalizm i indywidualne podej\u015bcie do ka\u017cdego zagadnienia prawnego.<\/p>\n<p>Nasza kancelaria \u015bwiadczy kompleksow\u0105 pomoc prawn\u0105 na rzecz Klient\u00f3w poprzez zast\u0119pstwo procesowe w post\u0119powaniach s\u0105dowych, tocz\u0105cych si\u0119 przed s\u0105dami powszechnymi oraz administracyjnymi, a tak\u017ce\u00a0 przygotowuje projekty um\u00f3w, pism procesowych, opinie oraz ekspertyzy prawne.<\/p>\n<p>Specjalizujemy si\u0119 w obs\u0142udze prawnej Funkcjonariuszy, walcz\u0105c w obronie ich praw przez 24h na dob\u0119 w ka\u017cdym dniu w tygodniu.\u00a0 Oferujemy pomoc prawn\u0105, kt\u00f3ra ma by\u0107 dla Funkcjonariuszy prostym i szybkim sposobem\u00a0 dost\u0119pu do korzystania z us\u0142ug prawniczych, wtedy kiedy tego najbardziej potrzebuj\u0105.<\/p>\n<p><strong>Podstaw\u0105 jest szybka reakcja i skuteczno\u015b\u0107 dzia\u0142ania oraz nieust\u0119pliwo\u015b\u0107 i zawzi\u0119to\u015b\u0107 dla przeciwnik\u00f3w <\/strong><\/p>\n<p>Kancelaria bra\u0142a udzia\u0142 w sporz\u0105dzeniu opinii do projektu ustawy o zmianie ustawy o zaopatrzeniu emerytalnym funkcjonariuszy Policji, Agencji Bezpiecze\u0144stwa Wewn\u0119trznego, Agencji Wywiadu, S\u0142u\u017cby Kontrwywiadu Wojskowego, S\u0142u\u017cby Wywiadu Wojskowego, Centralnego Biura Antykorupcyjnego, Stra\u017cy Granicznej, Stra\u017cy Marsza\u0142kowskiej, S\u0142u\u017cby Ochrony Pa\u0144stwa, Pa\u0144stwowej Stra\u017cy Po\u017carnej, S\u0142u\u017cby Celno-Skarbowej i S\u0142u\u017cby Wi\u0119ziennej oraz ich rodzin oraz niekt\u00f3rych innych ustaw, wskazuj\u0105c \u017ce proponowane rozwi\u0105zania przez Ustawodawc\u0119 powinny ulec zmianie, gdy\u017c obecnie s\u0105 one krzywdz\u0105ce dla funkcjonariuszy obj\u0119tych ustaw\u0105 i s\u0105 sprzeczne z konstytucyjn\u0105 zasad\u0105 r\u00f3wno\u015bci i sprawiedliwo\u015bci spo\u0142ecznej.<\/p>\n<p><strong>Cechuje nas troska i zaanga\u017cowanie w sprawach ka\u017cdego Klienta to podstawa<\/strong><\/p>\n<p>Nasza kancelaria ma ugruntowan\u0105 pozycj\u0119 na rynku krajowym- \u015bwiadczymy nasze us\u0142ugi na terenie ca\u0142ej Polski,\u00a0 posiadaj\u0105c zadowolonych Klient\u00f3w z ca\u0142ego kraju wsp\u00f3\u0142pracuj\u0105cych z nami od wielu lat.<\/p>\n<p>Po\u0142\u0105czenie wszechstronnej wiedzy prawniczej z nowoczesnymi rozwi\u0105zaniami pozwala\u00a0 zapewni\u0107 naszym Klientom us\u0142ugi prawne na najwy\u017cszym poziomie merytorycznym i organizacyjnym.<\/p>\n<p><strong><em>SUKCES I ZADOWOLENIE NASZYCH KLIENT\u00d3W JEST NASZYM SUKCESEM!<\/em><\/strong><\/div><\/div><\/div><\/div>\n<div class=\"push\" style='height:30px'><\/div>\n\t\t<h2 class=\"text-divider-double\">\t\t\t\nZAKRES US\u0141UG\t\t<\/h2>\t\t<div class=\"sep\"><\/div>\t\n<div class=\"push\" style='margin-bottom:-32px'><\/div>\n<div class=\"row \"><div class=\"wpv-grid grid-1-1  wpv-first-level first extended\" style=\"padding-top:0px;padding-bottom:0px\" id=\"wpv-column-01aa79b1a6e97a5d63e2570a69b1efe9\" ><div class=\"extended-column-inner\"><div class=\"row \"><div class=\"wpv-grid grid-1-4  first unextended\" style=\"padding-top:0px;padding-bottom:0px\" id=\"wpv-column-a1a74bf560a7b2ec0e9f907dcddf5554\" ><div class=\"push\" style='height:30px'><\/div><\/div>\n<div class=\"wpv-grid grid-1-4  unextended animation-from-bottom animated-active\" style=\"padding-top:0px;padding-bottom:0px\" id=\"wpv-column-dcb6ab086e8cc43b265447ebb49db8d1\" >\n<div  data-href=\"https:\/\/prawnikdlapolicjanta.pl\/?page_id=7956\" tabindex=\"1\" data-target=\"_self\" class=\"linkarea clearfix accent6  background-accent1\">\n\t\t\t<div class=\"first\"><span class='icon shortcode theme  use-hover' style='font-size:46px !important;color:#ffffff;'>&#57430;<\/span><\/div>\n\t\t\t\t<div class=\"last\"><h3 style=\"text-align: center;\"><span class=\"accent-8\">POST\u0118POWANIE KARNE<\/span><\/h3>\n<p style=\"text-align: center;\"><span class=\"accent-8\">\u00a0<\/span><\/div>\n\t<\/div><\/div>\n<div class=\"wpv-grid grid-1-4  unextended animation-fade-in animated-active\" style=\"padding-top:0px;padding-bottom:0px\" id=\"wpv-column-8555f71d1bbbc78f97d9b89b065c6e53\" >\n<div  data-href=\"https:\/\/prawnikdlapolicjanta.pl\/?page_id=7956\" tabindex=\"1\" data-target=\"_self\" class=\"linkarea clearfix accent6  background-accent2\">\n\t\t\t<div class=\"first\"><span class='icon shortcode theme  use-hover' style='font-size:46px !important;color:#ffffff;'>&#57430;<\/span><\/div>\n\t\t\t\t<div class=\"last\"><h3 style=\"text-align: center;\"><span class=\"accent-8\">POST\u0118POWANIA O ZADO\u015a\u0106UCZYNIENIA<\/span><\/h3>\n<p style=\"text-align: center;\"><\/div>\n\t<\/div><\/div>\n<div class=\"wpv-grid grid-1-4  unextended\" style=\"padding-top:0px;padding-bottom:0px\" id=\"wpv-column-814d5ccd13c4f5f014a8080b9537e402\" ><div class=\"push\" style='height:30px'><\/div><\/div><\/div><\/div><\/div><\/div>\n<div class=\"row \"><div class=\"wpv-grid grid-1-1  wpv-first-level first unextended\" style=\"padding-top:0px;padding-bottom:0px\" id=\"wpv-column-297ba1c9c1702644ea6b2b62535e0ec6\" ><div class=\"row \"><div class=\"wpv-grid grid-1-4  first unextended\" style=\"padding-top:0px;padding-bottom:0px\" id=\"wpv-column-39339ac8dfbd8feb4f4e26ecf8b30131\" ><div class=\"push\" style='height:30px'><\/div><\/div>\n<div class=\"wpv-grid grid-1-4  unextended animation-fade-in animated-active\" style=\"padding-top:0px;padding-bottom:0px\" id=\"wpv-column-f5f43be75ff1f8a8e91ff8dff8f2b73a\" >\n<div  data-href=\"https:\/\/prawnikdlapolicjanta.pl\/?page_id=7956\" tabindex=\"1\" data-target=\"_self\" class=\"linkarea clearfix accent6  background-accent2\">\n\t\t\t<div class=\"first\"><span class='icon shortcode theme  use-hover' style='font-size:46px !important;color:#ffffff;'>&#57430;<\/span><\/div>\n\t\t\t\t<div class=\"last\"><h3 style=\"text-align: center;\"><span class=\"accent-8\">SPRAWY WYKROCZENIOWE<br \/>\n<\/span><\/h3>\n<p style=\"text-align: center;\"><span class=\"accent-8\">\u00a0<\/span><\/div>\n\t<\/div><\/div>\n<div class=\"wpv-grid grid-1-4  unextended animation-from-bottom animated-active\" style=\"padding-top:0px;padding-bottom:0px\" id=\"wpv-column-8bab85f003cf6cbafe68192e1145b005\" >\n<div  data-href=\"https:\/\/prawnikdlapolicjanta.pl\/?page_id=7956\" tabindex=\"1\" data-target=\"_self\" class=\"linkarea clearfix accent6  background-accent1\">\n\t\t\t<div class=\"first\"><span class='icon shortcode theme  use-hover' style='font-size:46px !important;color:#ffffff;'>&#57430;<\/span><\/div>\n\t\t\t\t<div class=\"last\"><h3 style=\"text-align: center;\"><span class=\"accent-8\">POST\u0118POWANIE DYSCYPLINARNE<\/span><\/h3>\n<p style=\"text-align: center;\"><span class=\"accent-8\">\u00a0<\/span><\/div>\n\t<\/div><\/div>\n<div class=\"wpv-grid grid-1-4  unextended\" style=\"padding-top:0px;padding-bottom:0px\" id=\"wpv-column-c1b06960f0e4f51fbc8929630275cfc1\" ><div class=\"push\" style='height:30px'><\/div><\/div><\/div><\/div><\/div>\n","protected":false},"excerpt":{"rendered":"<p>ancelaria Adwokat\u00f3w i Radc\u00f3w Prawnych \u201e Pro Iustitia\u201d Szczygie\u0142 i Wsp\u00f3lnicy S.C.\u00a0 dzia\u0142a nieprzerwanie od 2004 r. i powsta\u0142a dzi\u0119ki inicjatywie os\u00f3b, kt\u00f3rych wsp\u00f3lna pasja oraz bogate i r\u00f3\u017cnorodne do\u015bwiadczenia zawodowe pozwoli\u0142y zebra\u0107 grup\u0119 radc\u00f3w prawnych, adwokat\u00f3w, aplikant\u00f3w oraz prawnik\u00f3w. Stworzony przez nas zesp\u00f3\u0142 sk\u0142ada si\u0119 z ludzi ambitnych i kreatywnych. Wyr\u00f3\u017cnia nas profesjonalizm i&#8230;<\/p>\n","protected":false},"author":1,"featured_media":0,"parent":0,"menu_order":0,"comment_status":"closed","ping_status":"closed","template":"","meta":{"footnotes":""},"class_list":["post-7778","page","type-page","status-publish","hentry"],"_links":{"self":[{"href":"https:\/\/prawnikdlapolicjanta.pl\/index.php?rest_route=\/wp\/v2\/pages\/7778","targetHints":{"allow":["GET"]}}],"collection":[{"href":"https:\/\/prawnikdlapolicjanta.pl\/index.php?rest_route=\/wp\/v2\/pages"}],"about":[{"href":"https:\/\/prawnikdlapolicjanta.pl\/index.php?rest_route=\/wp\/v2\/types\/page"}],"author":[{"embeddable":true,"href":"https:\/\/prawnikdlapolicjanta.pl\/index.php?rest_route=\/wp\/v2\/users\/1"}],"replies":[{"embeddable":true,"href":"https:\/\/prawnikdlapolicjanta.pl\/index.php?rest_route=%2Fwp%2Fv2%2Fcomments&post=7778"}],"version-history":[{"count":33,"href":"https:\/\/prawnikdlapolicjanta.pl\/index.php?rest_route=\/wp\/v2\/pages\/7778\/revisions"}],"predecessor-version":[{"id":987883,"href":"https:\/\/prawnikdlapolicjanta.pl\/index.php?rest_route=\/wp\/v2\/pages\/7778\/revisions\/987883"}],"wp:attachment":[{"href":"https:\/\/prawnikdlapolicjanta.pl\/index.php?rest_route=%2Fwp%2Fv2%2Fmedia&parent=7778"}],"curies":[{"name":"wp","href":"https:\/\/api.w.org\/{rel}","templated":true}]}}